{"id":3533,"date":"2021-01-06T19:13:30","date_gmt":"2021-01-06T18:13:30","guid":{"rendered":"https:\/\/pioneers.nu\/isbirlikleri\/"},"modified":"2023-01-24T18:58:14","modified_gmt":"2023-01-24T17:58:14","slug":"isbirlikleri","status":"publish","type":"page","link":"https:\/\/pioneers.nu\/tr\/isbirlikleri\/","title":{"rendered":"\u0130\u015fbirlikleri"},"content":{"rendered":"\n<p>Olas\u0131 i\u015fbirlikleri hakk\u0131nda bizimle ileti\u015fime ge\u00e7mek ister misiniz? Sorun de\u011fil! A\u015fa\u011f\u0131daki dosyay\u0131 indirin.<\/p>\n<div class=\"wpforms-container wpforms-container-full\" id=\"wpforms-264\"><form id=\"wpforms-form-264\" class=\"wpforms-validate wpforms-form wpforms-ajax-form\" data-formid=\"264\" method=\"post\" enctype=\"multipart\/form-data\" action=\"\/tr\/wp-json\/wp\/v2\/pages\/3533\" data-token=\"66f01a74ba958c00f936c3bfdaea5811\" data-token-time=\"1776045256\"><noscript class=\"wpforms-error-noscript\">Bu formu bitirebilmek i\u00e7in taray\u0131c\u0131n\u0131zda JavaScript&#039;i etkinle\u015ftirin.<\/noscript><div class=\"wpforms-field-container\"><div id=\"wpforms-264-field_0-container\" class=\"wpforms-field wpforms-field-name\" data-field-id=\"0\"><label class=\"wpforms-field-label\" for=\"wpforms-264-field_0\">\u0130sim <span class=\"wpforms-required-label\">*<\/span><\/label><input type=\"text\" id=\"wpforms-264-field_0\" class=\"wpforms-field-medium wpforms-field-required\" name=\"wpforms[fields][0]\" required><\/div><div id=\"wpforms-264-field_8-container\" class=\"wpforms-field wpforms-field-checkbox\" data-field-id=\"8\"><label class=\"wpforms-field-label\" for=\"wpforms-264-field_8\">Neden bizimle ileti\u015fime ge\u00e7tiniz?<\/label><ul id=\"wpforms-264-field_8\"><li class=\"choice-1 depth-1\"><input type=\"checkbox\" id=\"wpforms-264-field_8_1\" name=\"wpforms[fields][8][]\" value=\"Reklamc\u0131l\u0131k\"  ><label class=\"wpforms-field-label-inline\" for=\"wpforms-264-field_8_1\">Reklamc\u0131l\u0131k<\/label><\/li><li class=\"choice-2 depth-1\"><input type=\"checkbox\" id=\"wpforms-264-field_8_2\" name=\"wpforms[fields][8][]\" value=\"\u0130pu\u00e7lar\u0131\"  ><label class=\"wpforms-field-label-inline\" for=\"wpforms-264-field_8_2\">\u0130pu\u00e7lar\u0131<\/label><\/li><li class=\"choice-3 depth-1\"><input type=\"checkbox\" id=\"wpforms-264-field_8_3\" name=\"wpforms[fields][8][]\" value=\"Di\u011fer\"  ><label class=\"wpforms-field-label-inline\" for=\"wpforms-264-field_8_3\">Di\u011fer<\/label><\/li><\/ul><\/div><div id=\"wpforms-264-field_7-container\" class=\"wpforms-field wpforms-field-text\" data-field-id=\"7\"><label class=\"wpforms-field-label\" for=\"wpforms-264-field_7\">\u015eirketinizin ad\u0131<\/label><input type=\"text\" id=\"wpforms-264-field_7\" class=\"wpforms-field-medium\" name=\"wpforms[fields][7]\" ><\/div><div id=\"wpforms-264-field_6-container\" class=\"wpforms-field wpforms-field-email\" data-field-id=\"6\"><label class=\"wpforms-field-label\" for=\"wpforms-264-field_6\">E-posta <span class=\"wpforms-required-label\">*<\/span><\/label><input type=\"email\" id=\"wpforms-264-field_6\" class=\"wpforms-field-medium wpforms-field-required\" name=\"wpforms[fields][6]\" spellcheck=\"false\" required><\/div><div id=\"wpforms-264-field_2-container\" class=\"wpforms-field wpforms-field-textarea\" data-field-id=\"2\"><label class=\"wpforms-field-label\" for=\"wpforms-264-field_2\">Mesaj\u0131n\u0131z <span class=\"wpforms-required-label\">*<\/span><\/label><textarea id=\"wpforms-264-field_2\" class=\"wpforms-field-medium wpforms-field-required\" name=\"wpforms[fields][2]\" required><\/textarea><\/div><\/div><!-- .wpforms-field-container --><div class=\"wpforms-recaptcha-container wpforms-is-hcaptcha\" ><div class=\"g-recaptcha\" data-sitekey=\"34fbaa3f-2deb-4ed1-8fba-3f7e900742ec\"><\/div><input type=\"text\" name=\"g-recaptcha-hidden\" class=\"wpforms-recaptcha-hidden\" style=\"position:absolute!important;clip:rect(0,0,0,0)!important;height:1px!important;width:1px!important;border:0!important;overflow:hidden!important;padding:0!important;margin:0!important;\" data-rule-hcaptcha=\"1\"><\/div><div class=\"wpforms-submit-container\" ><input type=\"hidden\" name=\"wpforms[id]\" value=\"264\"><input type=\"hidden\" name=\"page_title\" value=\"\"><input type=\"hidden\" name=\"page_url\" value=\"https:\/\/pioneers.nu\/tr\/wp-json\/wp\/v2\/pages\/3533\"><button type=\"submit\" name=\"wpforms[submit]\" id=\"wpforms-submit-264\" class=\"wpforms-submit\" data-alt-text=\"G\u00f6nderiyor.\" data-submit-text=\"G\u00f6nder\" aria-live=\"assertive\" value=\"wpforms-submit\">G\u00f6nder<\/button><img loading=\"lazy\" decoding=\"async\" src=\"https:\/\/pioneers.nu\/wp-content\/plugins\/wpforms-lite\/assets\/images\/submit-spin.svg\" class=\"wpforms-submit-spinner\" style=\"display: none;\" width=\"26\" height=\"26\" alt=\"Y\u00fckleniyor\"><\/div><\/form><\/div>  <!-- .wpforms-container -->\n","protected":false},"excerpt":{"rendered":"<p>Olas\u0131 i\u015fbirlikleri hakk\u0131nda bizimle ileti\u015fime ge\u00e7mek ister misiniz? Sorun de\u011fil! A\u015fa\u011f\u0131daki dosyay\u0131 indirin.<\/p>\n","protected":false},"author":1,"featured_media":0,"parent":0,"menu_order":0,"comment_status":"closed","ping_status":"closed","template":"","meta":{"footnotes":""},"class_list":["post-3533","page","type-page","status-publish","hentry"],"yoast_head":"<!-- This site is optimized with the Yoast SEO plugin v22.8 - https:\/\/yoast.com\/wordpress\/plugins\/seo\/ -->\n<title>\u0130\u015fbirlikleri - \u00d6nc\u00fcler<\/title>\n<meta name=\"robots\" content=\"index, follow, max-snippet:-1, max-image-preview:large, max-video-preview:-1\" \/>\n<link rel=\"canonical\" href=\"https:\/\/pioneers.nu\/tr\/isbirlikleri\/\" \/>\n<meta property=\"og:locale\" content=\"tr_TR\" \/>\n<meta property=\"og:type\" content=\"article\" \/>\n<meta property=\"og:title\" content=\"\u0130\u015fbirlikleri - \u00d6nc\u00fcler\" \/>\n<meta property=\"og:description\" content=\"Olas\u0131 i\u015fbirlikleri hakk\u0131nda bizimle ileti\u015fime ge\u00e7mek ister misiniz? Sorun de\u011fil! A\u015fa\u011f\u0131daki dosyay\u0131 indirin.\" \/>\n<meta property=\"og:url\" content=\"https:\/\/pioneers.nu\/tr\/isbirlikleri\/\" \/>\n<meta property=\"og:site_name\" content=\"\u00d6nc\u00fcler\" \/>\n<meta property=\"article:modified_time\" content=\"2023-01-24T17:58:14+00:00\" \/>\n<meta name=\"twitter:card\" content=\"summary_large_image\" \/>\n<script type=\"application\/ld+json\" class=\"yoast-schema-graph\">{\"@context\":\"https:\/\/schema.org\",\"@graph\":[{\"@type\":\"WebPage\",\"@id\":\"https:\/\/pioneers.nu\/tr\/isbirlikleri\/\",\"url\":\"https:\/\/pioneers.nu\/tr\/isbirlikleri\/\",\"name\":\"\u0130\u015fbirlikleri - \u00d6nc\u00fcler\",\"isPartOf\":{\"@id\":\"https:\/\/pioneers.nu\/hu\/#website\"},\"datePublished\":\"2021-01-06T18:13:30+00:00\",\"dateModified\":\"2023-01-24T17:58:14+00:00\",\"breadcrumb\":{\"@id\":\"https:\/\/pioneers.nu\/tr\/isbirlikleri\/#breadcrumb\"},\"inLanguage\":\"tr\",\"potentialAction\":[{\"@type\":\"ReadAction\",\"target\":[\"https:\/\/pioneers.nu\/tr\/isbirlikleri\/\"]}]},{\"@type\":\"BreadcrumbList\",\"@id\":\"https:\/\/pioneers.nu\/tr\/isbirlikleri\/#breadcrumb\",\"itemListElement\":[{\"@type\":\"ListItem\",\"position\":1,\"name\":\"Hem\",\"item\":\"https:\/\/pioneers.nu\/tr\/\"},{\"@type\":\"ListItem\",\"position\":2,\"name\":\"\u0130\u015fbirlikleri\"}]},{\"@type\":\"WebSite\",\"@id\":\"https:\/\/pioneers.nu\/hu\/#website\",\"url\":\"https:\/\/pioneers.nu\/hu\/\",\"name\":\"\u00d6nc\u00fcler\",\"description\":\"Size \u00e7evrimi\u00e7i rehberlik eder\",\"publisher\":{\"@id\":\"https:\/\/pioneers.nu\/hu\/#organization\"},\"potentialAction\":[{\"@type\":\"SearchAction\",\"target\":{\"@type\":\"EntryPoint\",\"urlTemplate\":\"https:\/\/pioneers.nu\/hu\/?s={search_term_string}\"},\"query-input\":\"required name=search_term_string\"}],\"inLanguage\":\"tr\"},{\"@type\":\"Organization\",\"@id\":\"https:\/\/pioneers.nu\/hu\/#organization\",\"name\":\"\u00d6nc\u00fcler\",\"url\":\"https:\/\/pioneers.nu\/hu\/\",\"logo\":{\"@type\":\"ImageObject\",\"inLanguage\":\"tr\",\"@id\":\"https:\/\/pioneers.nu\/hu\/#\/schema\/logo\/image\/\",\"url\":\"https:\/\/pioneers.nu\/wp-content\/uploads\/2022\/04\/cropped-Namnlos-200-\u00d7-50-px3.png\",\"contentUrl\":\"https:\/\/pioneers.nu\/wp-content\/uploads\/2022\/04\/cropped-Namnlos-200-\u00d7-50-px3.png\",\"width\":200,\"height\":50,\"caption\":\"\u00d6nc\u00fcler\"},\"image\":{\"@id\":\"https:\/\/pioneers.nu\/hu\/#\/schema\/logo\/image\/\"}}]}<\/script>\n<!-- \/ Yoast SEO plugin. -->","yoast_head_json":{"title":"\u0130\u015fbirlikleri - \u00d6nc\u00fcler","robots":{"index":"index","follow":"follow","max-snippet":"max-snippet:-1","max-image-preview":"max-image-preview:large","max-video-preview":"max-video-preview:-1"},"canonical":"https:\/\/pioneers.nu\/tr\/isbirlikleri\/","og_locale":"tr_TR","og_type":"article","og_title":"\u0130\u015fbirlikleri - \u00d6nc\u00fcler","og_description":"Olas\u0131 i\u015fbirlikleri hakk\u0131nda bizimle ileti\u015fime ge\u00e7mek ister misiniz? Sorun de\u011fil! A\u015fa\u011f\u0131daki dosyay\u0131 indirin.","og_url":"https:\/\/pioneers.nu\/tr\/isbirlikleri\/","og_site_name":"\u00d6nc\u00fcler","article_modified_time":"2023-01-24T17:58:14+00:00","twitter_card":"summary_large_image","schema":{"@context":"https:\/\/schema.org","@graph":[{"@type":"WebPage","@id":"https:\/\/pioneers.nu\/tr\/isbirlikleri\/","url":"https:\/\/pioneers.nu\/tr\/isbirlikleri\/","name":"\u0130\u015fbirlikleri - \u00d6nc\u00fcler","isPartOf":{"@id":"https:\/\/pioneers.nu\/hu\/#website"},"datePublished":"2021-01-06T18:13:30+00:00","dateModified":"2023-01-24T17:58:14+00:00","breadcrumb":{"@id":"https:\/\/pioneers.nu\/tr\/isbirlikleri\/#breadcrumb"},"inLanguage":"tr","potentialAction":[{"@type":"ReadAction","target":["https:\/\/pioneers.nu\/tr\/isbirlikleri\/"]}]},{"@type":"BreadcrumbList","@id":"https:\/\/pioneers.nu\/tr\/isbirlikleri\/#breadcrumb","itemListElement":[{"@type":"ListItem","position":1,"name":"Hem","item":"https:\/\/pioneers.nu\/tr\/"},{"@type":"ListItem","position":2,"name":"\u0130\u015fbirlikleri"}]},{"@type":"WebSite","@id":"https:\/\/pioneers.nu\/hu\/#website","url":"https:\/\/pioneers.nu\/hu\/","name":"\u00d6nc\u00fcler","description":"Size \u00e7evrimi\u00e7i rehberlik eder","publisher":{"@id":"https:\/\/pioneers.nu\/hu\/#organization"},"potentialAction":[{"@type":"SearchAction","target":{"@type":"EntryPoint","urlTemplate":"https:\/\/pioneers.nu\/hu\/?s={search_term_string}"},"query-input":"required name=search_term_string"}],"inLanguage":"tr"},{"@type":"Organization","@id":"https:\/\/pioneers.nu\/hu\/#organization","name":"\u00d6nc\u00fcler","url":"https:\/\/pioneers.nu\/hu\/","logo":{"@type":"ImageObject","inLanguage":"tr","@id":"https:\/\/pioneers.nu\/hu\/#\/schema\/logo\/image\/","url":"https:\/\/pioneers.nu\/wp-content\/uploads\/2022\/04\/cropped-Namnlos-200-\u00d7-50-px3.png","contentUrl":"https:\/\/pioneers.nu\/wp-content\/uploads\/2022\/04\/cropped-Namnlos-200-\u00d7-50-px3.png","width":200,"height":50,"caption":"\u00d6nc\u00fcler"},"image":{"@id":"https:\/\/pioneers.nu\/hu\/#\/schema\/logo\/image\/"}}]}},"_links":{"self":[{"href":"https:\/\/pioneers.nu\/tr\/wp-json\/wp\/v2\/pages\/3533","targetHints":{"allow":["GET"]}}],"collection":[{"href":"https:\/\/pioneers.nu\/tr\/wp-json\/wp\/v2\/pages"}],"about":[{"href":"https:\/\/pioneers.nu\/tr\/wp-json\/wp\/v2\/types\/page"}],"author":[{"embeddable":true,"href":"https:\/\/pioneers.nu\/tr\/wp-json\/wp\/v2\/users\/1"}],"replies":[{"embeddable":true,"href":"https:\/\/pioneers.nu\/tr\/wp-json\/wp\/v2\/comments?post=3533"}],"version-history":[{"count":3,"href":"https:\/\/pioneers.nu\/tr\/wp-json\/wp\/v2\/pages\/3533\/revisions"}],"predecessor-version":[{"id":3884,"href":"https:\/\/pioneers.nu\/tr\/wp-json\/wp\/v2\/pages\/3533\/revisions\/3884"}],"wp:attachment":[{"href":"https:\/\/pioneers.nu\/tr\/wp-json\/wp\/v2\/media?parent=3533"}],"curies":[{"name":"wp","href":"https:\/\/api.w.org\/{rel}","templated":true}]}}