{"id":3545,"date":"2021-01-06T19:13:30","date_gmt":"2021-01-06T18:13:30","guid":{"rendered":"https:\/\/pioneers.nu\/colaborari\/"},"modified":"2023-01-24T18:58:07","modified_gmt":"2023-01-24T17:58:07","slug":"colaborari","status":"publish","type":"page","link":"https:\/\/pioneers.nu\/ro\/colaborari\/","title":{"rendered":"Colabor\u0103ri"},"content":{"rendered":"\n<p>Dori\u021bi s\u0103 lua\u021bi leg\u0103tura cu noi pentru posibile colabor\u0103ri? Nici o problem\u0103! Desc\u0103rca\u021bi fi\u0219ierul de mai jos.<\/p>\n<div class=\"wpforms-container wpforms-container-full\" id=\"wpforms-264\"><form id=\"wpforms-form-264\" class=\"wpforms-validate wpforms-form wpforms-ajax-form\" data-formid=\"264\" method=\"post\" enctype=\"multipart\/form-data\" action=\"\/ro\/wp-json\/wp\/v2\/pages\/3545\" data-token=\"66f01a74ba958c00f936c3bfdaea5811\" data-token-time=\"1776045183\"><noscript class=\"wpforms-error-noscript\">Please enable JavaScript in your browser to complete this form.<\/noscript><div class=\"wpforms-field-container\"><div id=\"wpforms-264-field_0-container\" class=\"wpforms-field wpforms-field-name\" data-field-id=\"0\"><label class=\"wpforms-field-label\" for=\"wpforms-264-field_0\">Nume <span class=\"wpforms-required-label\">*<\/span><\/label><input type=\"text\" id=\"wpforms-264-field_0\" class=\"wpforms-field-medium wpforms-field-required\" name=\"wpforms[fields][0]\" required><\/div><div id=\"wpforms-264-field_8-container\" class=\"wpforms-field wpforms-field-checkbox\" data-field-id=\"8\"><label class=\"wpforms-field-label\" for=\"wpforms-264-field_8\">De ce ne contacta\u021bi?<\/label><ul id=\"wpforms-264-field_8\"><li class=\"choice-1 depth-1\"><input type=\"checkbox\" id=\"wpforms-264-field_8_1\" name=\"wpforms[fields][8][]\" value=\"Publicitate\"  ><label class=\"wpforms-field-label-inline\" for=\"wpforms-264-field_8_1\">Publicitate<\/label><\/li><li class=\"choice-2 depth-1\"><input type=\"checkbox\" id=\"wpforms-264-field_8_2\" name=\"wpforms[fields][8][]\" value=\"Sfaturi\"  ><label class=\"wpforms-field-label-inline\" for=\"wpforms-264-field_8_2\">Sfaturi<\/label><\/li><li class=\"choice-3 depth-1\"><input type=\"checkbox\" id=\"wpforms-264-field_8_3\" name=\"wpforms[fields][8][]\" value=\"Altele\"  ><label class=\"wpforms-field-label-inline\" for=\"wpforms-264-field_8_3\">Altele<\/label><\/li><\/ul><\/div><div id=\"wpforms-264-field_7-container\" class=\"wpforms-field wpforms-field-text\" data-field-id=\"7\"><label class=\"wpforms-field-label\" for=\"wpforms-264-field_7\">Numele companiei dvs.<\/label><input type=\"text\" id=\"wpforms-264-field_7\" class=\"wpforms-field-medium\" name=\"wpforms[fields][7]\" ><\/div><div id=\"wpforms-264-field_6-container\" class=\"wpforms-field wpforms-field-email\" data-field-id=\"6\"><label class=\"wpforms-field-label\" for=\"wpforms-264-field_6\">E-mail <span class=\"wpforms-required-label\">*<\/span><\/label><input type=\"email\" id=\"wpforms-264-field_6\" class=\"wpforms-field-medium wpforms-field-required\" name=\"wpforms[fields][6]\" spellcheck=\"false\" required><\/div><div id=\"wpforms-264-field_2-container\" class=\"wpforms-field wpforms-field-textarea\" data-field-id=\"2\"><label class=\"wpforms-field-label\" for=\"wpforms-264-field_2\">Mesajul dumneavoastr\u0103 <span class=\"wpforms-required-label\">*<\/span><\/label><textarea id=\"wpforms-264-field_2\" class=\"wpforms-field-medium wpforms-field-required\" name=\"wpforms[fields][2]\" required><\/textarea><\/div><\/div><!-- .wpforms-field-container --><div class=\"wpforms-recaptcha-container wpforms-is-hcaptcha\" ><div class=\"g-recaptcha\" data-sitekey=\"34fbaa3f-2deb-4ed1-8fba-3f7e900742ec\"><\/div><input type=\"text\" name=\"g-recaptcha-hidden\" class=\"wpforms-recaptcha-hidden\" style=\"position:absolute!important;clip:rect(0,0,0,0)!important;height:1px!important;width:1px!important;border:0!important;overflow:hidden!important;padding:0!important;margin:0!important;\" data-rule-hcaptcha=\"1\"><\/div><div class=\"wpforms-submit-container\" ><input type=\"hidden\" name=\"wpforms[id]\" value=\"264\"><input type=\"hidden\" name=\"page_title\" value=\"\"><input type=\"hidden\" name=\"page_url\" value=\"https:\/\/pioneers.nu\/ro\/wp-json\/wp\/v2\/pages\/3545\"><button type=\"submit\" name=\"wpforms[submit]\" id=\"wpforms-submit-264\" class=\"wpforms-submit\" data-alt-text=\"Trimite...\" data-submit-text=\"Trimite\u021bi\" aria-live=\"assertive\" value=\"wpforms-submit\">Trimite\u021bi<\/button><img loading=\"lazy\" decoding=\"async\" src=\"https:\/\/pioneers.nu\/wp-content\/plugins\/wpforms-lite\/assets\/images\/submit-spin.svg\" class=\"wpforms-submit-spinner\" style=\"display: none;\" width=\"26\" height=\"26\" alt=\"Loading\"><\/div><\/form><\/div>  <!-- .wpforms-container -->\n","protected":false},"excerpt":{"rendered":"<p>Dori\u021bi s\u0103 lua\u021bi leg\u0103tura cu noi pentru posibile colabor\u0103ri? Nici o problem\u0103! Desc\u0103rca\u021bi fi\u0219ierul de mai jos.<\/p>\n","protected":false},"author":1,"featured_media":0,"parent":0,"menu_order":0,"comment_status":"closed","ping_status":"closed","template":"","meta":{"footnotes":""},"class_list":["post-3545","page","type-page","status-publish","hentry"],"yoast_head":"<!-- This site is optimized with the Yoast SEO plugin v22.8 - https:\/\/yoast.com\/wordpress\/plugins\/seo\/ -->\n<title>Colabor\u0103ri - Pionieri<\/title>\n<meta name=\"robots\" content=\"index, follow, max-snippet:-1, max-image-preview:large, max-video-preview:-1\" \/>\n<link rel=\"canonical\" href=\"https:\/\/pioneers.nu\/ro\/colaborari\/\" \/>\n<meta property=\"og:locale\" content=\"ro_RO\" \/>\n<meta property=\"og:type\" content=\"article\" \/>\n<meta property=\"og:title\" content=\"Colabor\u0103ri - Pionieri\" \/>\n<meta property=\"og:description\" content=\"Dori\u021bi s\u0103 lua\u021bi leg\u0103tura cu noi pentru posibile colabor\u0103ri? Nici o problem\u0103! Desc\u0103rca\u021bi fi\u0219ierul de mai jos.\" \/>\n<meta property=\"og:url\" content=\"https:\/\/pioneers.nu\/ro\/colaborari\/\" \/>\n<meta property=\"og:site_name\" content=\"Pionieri\" \/>\n<meta property=\"article:modified_time\" content=\"2023-01-24T17:58:07+00:00\" \/>\n<meta name=\"twitter:card\" content=\"summary_large_image\" \/>\n<script type=\"application\/ld+json\" class=\"yoast-schema-graph\">{\"@context\":\"https:\/\/schema.org\",\"@graph\":[{\"@type\":\"WebPage\",\"@id\":\"https:\/\/pioneers.nu\/ro\/colaborari\/\",\"url\":\"https:\/\/pioneers.nu\/ro\/colaborari\/\",\"name\":\"Colabor\u0103ri - Pionieri\",\"isPartOf\":{\"@id\":\"https:\/\/pioneers.nu\/hu\/#website\"},\"datePublished\":\"2021-01-06T18:13:30+00:00\",\"dateModified\":\"2023-01-24T17:58:07+00:00\",\"breadcrumb\":{\"@id\":\"https:\/\/pioneers.nu\/ro\/colaborari\/#breadcrumb\"},\"inLanguage\":\"ro-RO\",\"potentialAction\":[{\"@type\":\"ReadAction\",\"target\":[\"https:\/\/pioneers.nu\/ro\/colaborari\/\"]}]},{\"@type\":\"BreadcrumbList\",\"@id\":\"https:\/\/pioneers.nu\/ro\/colaborari\/#breadcrumb\",\"itemListElement\":[{\"@type\":\"ListItem\",\"position\":1,\"name\":\"Hem\",\"item\":\"https:\/\/pioneers.nu\/ro\/\"},{\"@type\":\"ListItem\",\"position\":2,\"name\":\"Colabor\u0103ri\"}]},{\"@type\":\"WebSite\",\"@id\":\"https:\/\/pioneers.nu\/hu\/#website\",\"url\":\"https:\/\/pioneers.nu\/hu\/\",\"name\":\"Pionieri\",\"description\":\"V\u0103 ghideaz\u0103 online\",\"publisher\":{\"@id\":\"https:\/\/pioneers.nu\/hu\/#organization\"},\"potentialAction\":[{\"@type\":\"SearchAction\",\"target\":{\"@type\":\"EntryPoint\",\"urlTemplate\":\"https:\/\/pioneers.nu\/hu\/?s={search_term_string}\"},\"query-input\":\"required name=search_term_string\"}],\"inLanguage\":\"ro-RO\"},{\"@type\":\"Organization\",\"@id\":\"https:\/\/pioneers.nu\/hu\/#organization\",\"name\":\"Pionieri\",\"url\":\"https:\/\/pioneers.nu\/hu\/\",\"logo\":{\"@type\":\"ImageObject\",\"inLanguage\":\"ro-RO\",\"@id\":\"https:\/\/pioneers.nu\/hu\/#\/schema\/logo\/image\/\",\"url\":\"https:\/\/pioneers.nu\/wp-content\/uploads\/2022\/04\/cropped-Namnlos-200-\u00d7-50-px3.png\",\"contentUrl\":\"https:\/\/pioneers.nu\/wp-content\/uploads\/2022\/04\/cropped-Namnlos-200-\u00d7-50-px3.png\",\"width\":200,\"height\":50,\"caption\":\"Pionieri\"},\"image\":{\"@id\":\"https:\/\/pioneers.nu\/hu\/#\/schema\/logo\/image\/\"}}]}<\/script>\n<!-- \/ Yoast SEO plugin. -->","yoast_head_json":{"title":"Colabor\u0103ri - Pionieri","robots":{"index":"index","follow":"follow","max-snippet":"max-snippet:-1","max-image-preview":"max-image-preview:large","max-video-preview":"max-video-preview:-1"},"canonical":"https:\/\/pioneers.nu\/ro\/colaborari\/","og_locale":"ro_RO","og_type":"article","og_title":"Colabor\u0103ri - Pionieri","og_description":"Dori\u021bi s\u0103 lua\u021bi leg\u0103tura cu noi pentru posibile colabor\u0103ri? Nici o problem\u0103! Desc\u0103rca\u021bi fi\u0219ierul de mai jos.","og_url":"https:\/\/pioneers.nu\/ro\/colaborari\/","og_site_name":"Pionieri","article_modified_time":"2023-01-24T17:58:07+00:00","twitter_card":"summary_large_image","schema":{"@context":"https:\/\/schema.org","@graph":[{"@type":"WebPage","@id":"https:\/\/pioneers.nu\/ro\/colaborari\/","url":"https:\/\/pioneers.nu\/ro\/colaborari\/","name":"Colabor\u0103ri - Pionieri","isPartOf":{"@id":"https:\/\/pioneers.nu\/hu\/#website"},"datePublished":"2021-01-06T18:13:30+00:00","dateModified":"2023-01-24T17:58:07+00:00","breadcrumb":{"@id":"https:\/\/pioneers.nu\/ro\/colaborari\/#breadcrumb"},"inLanguage":"ro-RO","potentialAction":[{"@type":"ReadAction","target":["https:\/\/pioneers.nu\/ro\/colaborari\/"]}]},{"@type":"BreadcrumbList","@id":"https:\/\/pioneers.nu\/ro\/colaborari\/#breadcrumb","itemListElement":[{"@type":"ListItem","position":1,"name":"Hem","item":"https:\/\/pioneers.nu\/ro\/"},{"@type":"ListItem","position":2,"name":"Colabor\u0103ri"}]},{"@type":"WebSite","@id":"https:\/\/pioneers.nu\/hu\/#website","url":"https:\/\/pioneers.nu\/hu\/","name":"Pionieri","description":"V\u0103 ghideaz\u0103 online","publisher":{"@id":"https:\/\/pioneers.nu\/hu\/#organization"},"potentialAction":[{"@type":"SearchAction","target":{"@type":"EntryPoint","urlTemplate":"https:\/\/pioneers.nu\/hu\/?s={search_term_string}"},"query-input":"required name=search_term_string"}],"inLanguage":"ro-RO"},{"@type":"Organization","@id":"https:\/\/pioneers.nu\/hu\/#organization","name":"Pionieri","url":"https:\/\/pioneers.nu\/hu\/","logo":{"@type":"ImageObject","inLanguage":"ro-RO","@id":"https:\/\/pioneers.nu\/hu\/#\/schema\/logo\/image\/","url":"https:\/\/pioneers.nu\/wp-content\/uploads\/2022\/04\/cropped-Namnlos-200-\u00d7-50-px3.png","contentUrl":"https:\/\/pioneers.nu\/wp-content\/uploads\/2022\/04\/cropped-Namnlos-200-\u00d7-50-px3.png","width":200,"height":50,"caption":"Pionieri"},"image":{"@id":"https:\/\/pioneers.nu\/hu\/#\/schema\/logo\/image\/"}}]}},"_links":{"self":[{"href":"https:\/\/pioneers.nu\/ro\/wp-json\/wp\/v2\/pages\/3545","targetHints":{"allow":["GET"]}}],"collection":[{"href":"https:\/\/pioneers.nu\/ro\/wp-json\/wp\/v2\/pages"}],"about":[{"href":"https:\/\/pioneers.nu\/ro\/wp-json\/wp\/v2\/types\/page"}],"author":[{"embeddable":true,"href":"https:\/\/pioneers.nu\/ro\/wp-json\/wp\/v2\/users\/1"}],"replies":[{"embeddable":true,"href":"https:\/\/pioneers.nu\/ro\/wp-json\/wp\/v2\/comments?post=3545"}],"version-history":[{"count":3,"href":"https:\/\/pioneers.nu\/ro\/wp-json\/wp\/v2\/pages\/3545\/revisions"}],"predecessor-version":[{"id":3859,"href":"https:\/\/pioneers.nu\/ro\/wp-json\/wp\/v2\/pages\/3545\/revisions\/3859"}],"wp:attachment":[{"href":"https:\/\/pioneers.nu\/ro\/wp-json\/wp\/v2\/media?parent=3545"}],"curies":[{"name":"wp","href":"https:\/\/api.w.org\/{rel}","templated":true}]}}