{"id":3500,"date":"2021-01-06T19:13:30","date_gmt":"2021-01-06T18:13:30","guid":{"rendered":"https:\/\/pioneers.nu\/spoluprace\/"},"modified":"2023-01-24T18:58:09","modified_gmt":"2023-01-24T17:58:09","slug":"spoluprace","status":"publish","type":"page","link":"https:\/\/pioneers.nu\/cs\/spoluprace\/","title":{"rendered":"Spolupr\u00e1ce"},"content":{"rendered":"\n<p>Chcete se s n\u00e1mi spojit ohledn\u011b mo\u017en\u00e9 spolupr\u00e1ce? \u017d\u00e1dn\u00fd probl\u00e9m! St\u00e1hn\u011bte si soubor n\u00ed\u017ee.<\/p>\n<div class=\"wpforms-container wpforms-container-full\" id=\"wpforms-264\"><form id=\"wpforms-form-264\" class=\"wpforms-validate wpforms-form wpforms-ajax-form\" data-formid=\"264\" method=\"post\" enctype=\"multipart\/form-data\" action=\"\/cs\/wp-json\/wp\/v2\/pages\/3500\" data-token=\"66f01a74ba958c00f936c3bfdaea5811\" data-token-time=\"1776045258\"><noscript class=\"wpforms-error-noscript\">Chcete-li vyplnit tento formul\u00e1\u0159, pros\u00edm povolte v prohl\u00ed\u017ee\u010di JavaScript.<\/noscript><div class=\"wpforms-field-container\"><div id=\"wpforms-264-field_0-container\" class=\"wpforms-field wpforms-field-name\" data-field-id=\"0\"><label class=\"wpforms-field-label\" for=\"wpforms-264-field_0\">N\u00e1zev <span class=\"wpforms-required-label\">*<\/span><\/label><input type=\"text\" id=\"wpforms-264-field_0\" class=\"wpforms-field-medium wpforms-field-required\" name=\"wpforms[fields][0]\" required><\/div><div id=\"wpforms-264-field_8-container\" class=\"wpforms-field wpforms-field-checkbox\" data-field-id=\"8\"><label class=\"wpforms-field-label\" for=\"wpforms-264-field_8\">Pro\u010d n\u00e1s kontaktujete?<\/label><ul id=\"wpforms-264-field_8\"><li class=\"choice-1 depth-1\"><input type=\"checkbox\" id=\"wpforms-264-field_8_1\" name=\"wpforms[fields][8][]\" value=\"Reklama\"  ><label class=\"wpforms-field-label-inline\" for=\"wpforms-264-field_8_1\">Reklama<\/label><\/li><li class=\"choice-2 depth-1\"><input type=\"checkbox\" id=\"wpforms-264-field_8_2\" name=\"wpforms[fields][8][]\" value=\"Tipy\"  ><label class=\"wpforms-field-label-inline\" for=\"wpforms-264-field_8_2\">Tipy<\/label><\/li><li class=\"choice-3 depth-1\"><input type=\"checkbox\" id=\"wpforms-264-field_8_3\" name=\"wpforms[fields][8][]\" value=\"Dal\u0161\u00ed\"  ><label class=\"wpforms-field-label-inline\" for=\"wpforms-264-field_8_3\">Dal\u0161\u00ed<\/label><\/li><\/ul><\/div><div id=\"wpforms-264-field_7-container\" class=\"wpforms-field wpforms-field-text\" data-field-id=\"7\"><label class=\"wpforms-field-label\" for=\"wpforms-264-field_7\">N\u00e1zev va\u0161\u00ed spole\u010dnosti<\/label><input type=\"text\" id=\"wpforms-264-field_7\" class=\"wpforms-field-medium\" name=\"wpforms[fields][7]\" ><\/div><div id=\"wpforms-264-field_6-container\" class=\"wpforms-field wpforms-field-email\" data-field-id=\"6\"><label class=\"wpforms-field-label\" for=\"wpforms-264-field_6\">E-mail <span class=\"wpforms-required-label\">*<\/span><\/label><input type=\"email\" id=\"wpforms-264-field_6\" class=\"wpforms-field-medium wpforms-field-required\" name=\"wpforms[fields][6]\" spellcheck=\"false\" required><\/div><div id=\"wpforms-264-field_2-container\" class=\"wpforms-field wpforms-field-textarea\" data-field-id=\"2\"><label class=\"wpforms-field-label\" for=\"wpforms-264-field_2\">Va\u0161e zpr\u00e1va <span class=\"wpforms-required-label\">*<\/span><\/label><textarea id=\"wpforms-264-field_2\" class=\"wpforms-field-medium wpforms-field-required\" name=\"wpforms[fields][2]\" required><\/textarea><\/div><\/div><!-- .wpforms-field-container --><div class=\"wpforms-recaptcha-container wpforms-is-hcaptcha\" ><div class=\"g-recaptcha\" data-sitekey=\"34fbaa3f-2deb-4ed1-8fba-3f7e900742ec\"><\/div><input type=\"text\" name=\"g-recaptcha-hidden\" class=\"wpforms-recaptcha-hidden\" style=\"position:absolute!important;clip:rect(0,0,0,0)!important;height:1px!important;width:1px!important;border:0!important;overflow:hidden!important;padding:0!important;margin:0!important;\" data-rule-hcaptcha=\"1\"><\/div><div class=\"wpforms-submit-container\" ><input type=\"hidden\" name=\"wpforms[id]\" value=\"264\"><input type=\"hidden\" name=\"page_title\" value=\"\"><input type=\"hidden\" name=\"page_url\" value=\"https:\/\/pioneers.nu\/cs\/wp-json\/wp\/v2\/pages\/3500\"><button type=\"submit\" name=\"wpforms[submit]\" id=\"wpforms-submit-264\" class=\"wpforms-submit\" data-alt-text=\"Odes\u00edl\u00e1..\" data-submit-text=\"Odeslat\" aria-live=\"assertive\" value=\"wpforms-submit\">Odeslat<\/button><img loading=\"lazy\" decoding=\"async\" src=\"https:\/\/pioneers.nu\/wp-content\/plugins\/wpforms-lite\/assets\/images\/submit-spin.svg\" class=\"wpforms-submit-spinner\" style=\"display: none;\" width=\"26\" height=\"26\" alt=\"Na\u010d\u00edt\u00e1n\u00ed\"><\/div><\/form><\/div>  <!-- .wpforms-container -->\n","protected":false},"excerpt":{"rendered":"<p>Chcete se s n\u00e1mi spojit ohledn\u011b mo\u017en\u00e9 spolupr\u00e1ce? \u017d\u00e1dn\u00fd probl\u00e9m! St\u00e1hn\u011bte si soubor n\u00ed\u017ee.<\/p>\n","protected":false},"author":1,"featured_media":0,"parent":0,"menu_order":0,"comment_status":"closed","ping_status":"closed","template":"","meta":{"footnotes":""},"class_list":["post-3500","page","type-page","status-publish","hentry"],"yoast_head":"<!-- This site is optimized with the Yoast SEO plugin v22.8 - https:\/\/yoast.com\/wordpress\/plugins\/seo\/ -->\n<title>Spolupr\u00e1ce - Pion\u00fd\u0159i<\/title>\n<meta name=\"robots\" content=\"index, follow, max-snippet:-1, max-image-preview:large, max-video-preview:-1\" \/>\n<link rel=\"canonical\" href=\"https:\/\/pioneers.nu\/cs\/spoluprace\/\" \/>\n<meta property=\"og:locale\" content=\"cs_CZ\" \/>\n<meta property=\"og:type\" content=\"article\" \/>\n<meta property=\"og:title\" content=\"Spolupr\u00e1ce - Pion\u00fd\u0159i\" \/>\n<meta property=\"og:description\" content=\"Chcete se s n\u00e1mi spojit ohledn\u011b mo\u017en\u00e9 spolupr\u00e1ce? \u017d\u00e1dn\u00fd probl\u00e9m! St\u00e1hn\u011bte si soubor n\u00ed\u017ee.\" \/>\n<meta property=\"og:url\" content=\"https:\/\/pioneers.nu\/cs\/spoluprace\/\" \/>\n<meta property=\"og:site_name\" content=\"Pion\u00fd\u0159i\" \/>\n<meta property=\"article:modified_time\" content=\"2023-01-24T17:58:09+00:00\" \/>\n<meta name=\"twitter:card\" content=\"summary_large_image\" \/>\n<script type=\"application\/ld+json\" class=\"yoast-schema-graph\">{\"@context\":\"https:\/\/schema.org\",\"@graph\":[{\"@type\":\"WebPage\",\"@id\":\"https:\/\/pioneers.nu\/cs\/spoluprace\/\",\"url\":\"https:\/\/pioneers.nu\/cs\/spoluprace\/\",\"name\":\"Spolupr\u00e1ce - Pion\u00fd\u0159i\",\"isPartOf\":{\"@id\":\"https:\/\/pioneers.nu\/hu\/#website\"},\"datePublished\":\"2021-01-06T18:13:30+00:00\",\"dateModified\":\"2023-01-24T17:58:09+00:00\",\"breadcrumb\":{\"@id\":\"https:\/\/pioneers.nu\/cs\/spoluprace\/#breadcrumb\"},\"inLanguage\":\"cs\",\"potentialAction\":[{\"@type\":\"ReadAction\",\"target\":[\"https:\/\/pioneers.nu\/cs\/spoluprace\/\"]}]},{\"@type\":\"BreadcrumbList\",\"@id\":\"https:\/\/pioneers.nu\/cs\/spoluprace\/#breadcrumb\",\"itemListElement\":[{\"@type\":\"ListItem\",\"position\":1,\"name\":\"Hem\",\"item\":\"https:\/\/pioneers.nu\/cs\/\"},{\"@type\":\"ListItem\",\"position\":2,\"name\":\"Spolupr\u00e1ce\"}]},{\"@type\":\"WebSite\",\"@id\":\"https:\/\/pioneers.nu\/hu\/#website\",\"url\":\"https:\/\/pioneers.nu\/hu\/\",\"name\":\"Pion\u00fd\u0159i\",\"description\":\"Pr\u016fvodce online\",\"publisher\":{\"@id\":\"https:\/\/pioneers.nu\/hu\/#organization\"},\"potentialAction\":[{\"@type\":\"SearchAction\",\"target\":{\"@type\":\"EntryPoint\",\"urlTemplate\":\"https:\/\/pioneers.nu\/hu\/?s={search_term_string}\"},\"query-input\":\"required name=search_term_string\"}],\"inLanguage\":\"cs\"},{\"@type\":\"Organization\",\"@id\":\"https:\/\/pioneers.nu\/hu\/#organization\",\"name\":\"Pion\u00fd\u0159i\",\"url\":\"https:\/\/pioneers.nu\/hu\/\",\"logo\":{\"@type\":\"ImageObject\",\"inLanguage\":\"cs\",\"@id\":\"https:\/\/pioneers.nu\/hu\/#\/schema\/logo\/image\/\",\"url\":\"https:\/\/pioneers.nu\/wp-content\/uploads\/2022\/04\/cropped-Namnlos-200-\u00d7-50-px3.png\",\"contentUrl\":\"https:\/\/pioneers.nu\/wp-content\/uploads\/2022\/04\/cropped-Namnlos-200-\u00d7-50-px3.png\",\"width\":200,\"height\":50,\"caption\":\"Pion\u00fd\u0159i\"},\"image\":{\"@id\":\"https:\/\/pioneers.nu\/hu\/#\/schema\/logo\/image\/\"}}]}<\/script>\n<!-- \/ Yoast SEO plugin. -->","yoast_head_json":{"title":"Spolupr\u00e1ce - Pion\u00fd\u0159i","robots":{"index":"index","follow":"follow","max-snippet":"max-snippet:-1","max-image-preview":"max-image-preview:large","max-video-preview":"max-video-preview:-1"},"canonical":"https:\/\/pioneers.nu\/cs\/spoluprace\/","og_locale":"cs_CZ","og_type":"article","og_title":"Spolupr\u00e1ce - Pion\u00fd\u0159i","og_description":"Chcete se s n\u00e1mi spojit ohledn\u011b mo\u017en\u00e9 spolupr\u00e1ce? \u017d\u00e1dn\u00fd probl\u00e9m! St\u00e1hn\u011bte si soubor n\u00ed\u017ee.","og_url":"https:\/\/pioneers.nu\/cs\/spoluprace\/","og_site_name":"Pion\u00fd\u0159i","article_modified_time":"2023-01-24T17:58:09+00:00","twitter_card":"summary_large_image","schema":{"@context":"https:\/\/schema.org","@graph":[{"@type":"WebPage","@id":"https:\/\/pioneers.nu\/cs\/spoluprace\/","url":"https:\/\/pioneers.nu\/cs\/spoluprace\/","name":"Spolupr\u00e1ce - Pion\u00fd\u0159i","isPartOf":{"@id":"https:\/\/pioneers.nu\/hu\/#website"},"datePublished":"2021-01-06T18:13:30+00:00","dateModified":"2023-01-24T17:58:09+00:00","breadcrumb":{"@id":"https:\/\/pioneers.nu\/cs\/spoluprace\/#breadcrumb"},"inLanguage":"cs","potentialAction":[{"@type":"ReadAction","target":["https:\/\/pioneers.nu\/cs\/spoluprace\/"]}]},{"@type":"BreadcrumbList","@id":"https:\/\/pioneers.nu\/cs\/spoluprace\/#breadcrumb","itemListElement":[{"@type":"ListItem","position":1,"name":"Hem","item":"https:\/\/pioneers.nu\/cs\/"},{"@type":"ListItem","position":2,"name":"Spolupr\u00e1ce"}]},{"@type":"WebSite","@id":"https:\/\/pioneers.nu\/hu\/#website","url":"https:\/\/pioneers.nu\/hu\/","name":"Pion\u00fd\u0159i","description":"Pr\u016fvodce online","publisher":{"@id":"https:\/\/pioneers.nu\/hu\/#organization"},"potentialAction":[{"@type":"SearchAction","target":{"@type":"EntryPoint","urlTemplate":"https:\/\/pioneers.nu\/hu\/?s={search_term_string}"},"query-input":"required name=search_term_string"}],"inLanguage":"cs"},{"@type":"Organization","@id":"https:\/\/pioneers.nu\/hu\/#organization","name":"Pion\u00fd\u0159i","url":"https:\/\/pioneers.nu\/hu\/","logo":{"@type":"ImageObject","inLanguage":"cs","@id":"https:\/\/pioneers.nu\/hu\/#\/schema\/logo\/image\/","url":"https:\/\/pioneers.nu\/wp-content\/uploads\/2022\/04\/cropped-Namnlos-200-\u00d7-50-px3.png","contentUrl":"https:\/\/pioneers.nu\/wp-content\/uploads\/2022\/04\/cropped-Namnlos-200-\u00d7-50-px3.png","width":200,"height":50,"caption":"Pion\u00fd\u0159i"},"image":{"@id":"https:\/\/pioneers.nu\/hu\/#\/schema\/logo\/image\/"}}]}},"_links":{"self":[{"href":"https:\/\/pioneers.nu\/cs\/wp-json\/wp\/v2\/pages\/3500","targetHints":{"allow":["GET"]}}],"collection":[{"href":"https:\/\/pioneers.nu\/cs\/wp-json\/wp\/v2\/pages"}],"about":[{"href":"https:\/\/pioneers.nu\/cs\/wp-json\/wp\/v2\/types\/page"}],"author":[{"embeddable":true,"href":"https:\/\/pioneers.nu\/cs\/wp-json\/wp\/v2\/users\/1"}],"replies":[{"embeddable":true,"href":"https:\/\/pioneers.nu\/cs\/wp-json\/wp\/v2\/comments?post=3500"}],"version-history":[{"count":3,"href":"https:\/\/pioneers.nu\/cs\/wp-json\/wp\/v2\/pages\/3500\/revisions"}],"predecessor-version":[{"id":3866,"href":"https:\/\/pioneers.nu\/cs\/wp-json\/wp\/v2\/pages\/3500\/revisions\/3866"}],"wp:attachment":[{"href":"https:\/\/pioneers.nu\/cs\/wp-json\/wp\/v2\/media?parent=3500"}],"curies":[{"name":"wp","href":"https:\/\/api.w.org\/{rel}","templated":true}]}}